{"id":82,"date":"2023-05-28T01:08:04","date_gmt":"2023-05-28T01:08:04","guid":{"rendered":"https:\/\/ceadeb.org.br\/ceadeb\/?page_id=82"},"modified":"2023-06-22T13:24:59","modified_gmt":"2023-06-22T13:24:59","slug":"secretaria","status":"publish","type":"page","link":"https:\/\/ceadeb.org.br\/ceadeb\/secretaria\/","title":{"rendered":"Secretaria"},"content":{"rendered":"\t\t<div data-elementor-type=\"wp-page\" data-elementor-id=\"82\" class=\"elementor elementor-82\">\n\t\t\t\t\t\t\t\t\t<section class=\"elementor-section elementor-top-section elementor-element elementor-element-09c859c elementor-section-full_width elementor-section-height-default elementor-section-height-default\" data-id=\"09c859c\" data-element_type=\"section\">\n\t\t\t\t\t\t<div class=\"elementor-container elementor-column-gap-default\">\n\t\t\t\t\t<div class=\"elementor-column elementor-col-100 elementor-top-column elementor-element elementor-element-12db243\" data-id=\"12db243\" data-element_type=\"column\" data-settings=\"{&quot;background_background&quot;:&quot;gradient&quot;}\">\n\t\t\t<div class=\"elementor-widget-wrap elementor-element-populated\">\n\t\t\t\t\t\t\t\t<div class=\"elementor-element elementor-element-529f289 elementor-widget elementor-widget-heading\" data-id=\"529f289\" data-element_type=\"widget\" data-widget_type=\"heading.default\">\n\t\t\t\t<div class=\"elementor-widget-container\">\n\t\t\t<style>\/*! elementor - v3.15.0 - 20-08-2023 *\/\n.elementor-heading-title{padding:0;margin:0;line-height:1}.elementor-widget-heading .elementor-heading-title[class*=elementor-size-]>a{color:inherit;font-size:inherit;line-height:inherit}.elementor-widget-heading .elementor-heading-title.elementor-size-small{font-size:15px}.elementor-widget-heading .elementor-heading-title.elementor-size-medium{font-size:19px}.elementor-widget-heading .elementor-heading-title.elementor-size-large{font-size:29px}.elementor-widget-heading .elementor-heading-title.elementor-size-xl{font-size:39px}.elementor-widget-heading .elementor-heading-title.elementor-size-xxl{font-size:59px}<\/style><h2 class=\"elementor-heading-title elementor-size-default\">Secretaria<\/h2>\t\t<\/div>\n\t\t\t\t<\/div>\n\t\t\t\t\t<\/div>\n\t\t<\/div>\n\t\t\t\t\t\t\t<\/div>\n\t\t<\/section>\n\t\t\t\t<section class=\"elementor-section elementor-top-section elementor-element elementor-element-b53efb5 elementor-section-boxed elementor-section-height-default elementor-section-height-default\" data-id=\"b53efb5\" data-element_type=\"section\">\n\t\t\t\t\t\t<div class=\"elementor-container elementor-column-gap-default\">\n\t\t\t\t\t<div class=\"elementor-column elementor-col-100 elementor-top-column elementor-element elementor-element-d4a158d\" data-id=\"d4a158d\" data-element_type=\"column\">\n\t\t\t<div class=\"elementor-widget-wrap elementor-element-populated\">\n\t\t\t\t\t\t\t\t<div class=\"elementor-element elementor-element-628dca0 elementor-nav-menu--dropdown-tablet elementor-nav-menu__text-align-aside elementor-nav-menu--toggle elementor-nav-menu--burger elementor-widget elementor-widget-nav-menu\" data-id=\"628dca0\" data-element_type=\"widget\" data-settings=\"{&quot;layout&quot;:&quot;horizontal&quot;,&quot;submenu_icon&quot;:{&quot;value&quot;:&quot;&lt;i class=\\&quot;fas fa-caret-down\\&quot;&gt;&lt;\\\/i&gt;&quot;,&quot;library&quot;:&quot;fa-solid&quot;},&quot;toggle&quot;:&quot;burger&quot;}\" data-widget_type=\"nav-menu.default\">\n\t\t\t\t<div class=\"elementor-widget-container\">\n\t\t\t<link rel=\"stylesheet\" href=\"https:\/\/ceadeb.org.br\/ceadeb\/wp-content\/plugins\/elementor-pro\/assets\/css\/widget-nav-menu.min.css\">\t\t\t<nav class=\"elementor-nav-menu--main elementor-nav-menu__container elementor-nav-menu--layout-horizontal e--pointer-underline e--animation-fade\">\n\t\t\t\t<ul id=\"menu-1-628dca0\" class=\"elementor-nav-menu\"><li class=\"menu-item menu-item-type-post_type menu-item-object-page menu-item-440\"><a href=\"https:\/\/ceadeb.org.br\/ceadeb\/secretaria\/\" class=\"elementor-item\">Expediente<\/a><\/li>\n<li class=\"menu-item menu-item-type-post_type menu-item-object-page menu-item-428\"><a href=\"https:\/\/ceadeb.org.br\/ceadeb\/estatuto-e-regimento\/\" class=\"elementor-item\">Estatuto e Regimento<\/a><\/li>\n<li class=\"menu-item menu-item-type-post_type menu-item-object-page menu-item-443\"><a href=\"https:\/\/ceadeb.org.br\/ceadeb\/resolucoes\/\" class=\"elementor-item\">Resolu\u00e7\u00f5es<\/a><\/li>\n<li class=\"menu-item menu-item-type-post_type menu-item-object-page menu-item-429\"><a href=\"https:\/\/ceadeb.org.br\/ceadeb\/informativos-secretaria\/\" class=\"elementor-item\">Informativos<\/a><\/li>\n<li class=\"menu-item menu-item-type-post_type menu-item-object-page menu-item-426\"><a href=\"https:\/\/ceadeb.org.br\/ceadeb\/secretaria-downloads\/\" class=\"elementor-item\">Downloads<\/a><\/li>\n<li class=\"menu-item menu-item-type-post_type menu-item-object-page menu-item-425\"><a href=\"https:\/\/ceadeb.org.br\/ceadeb\/sistema\/\" class=\"elementor-item\">Sistema<\/a><\/li>\n<li class=\"menu-item menu-item-type-post_type menu-item-object-page menu-item-427\"><a href=\"https:\/\/ceadeb.org.br\/ceadeb\/perguntas-frequentes\/\" class=\"elementor-item\">Perguntas Frequ\u00eantes<\/a><\/li>\n<\/ul>\t\t\t<\/nav>\n\t\t\t\t\t<div class=\"elementor-menu-toggle\" role=\"button\" tabindex=\"0\" aria-label=\"Menu Toggle\" aria-expanded=\"false\">\n\t\t\t<i aria-hidden=\"true\" role=\"presentation\" class=\"elementor-menu-toggle__icon--open eicon-menu-bar\"><\/i><i aria-hidden=\"true\" role=\"presentation\" class=\"elementor-menu-toggle__icon--close eicon-close\"><\/i>\t\t\t<span class=\"elementor-screen-only\">Menu<\/span>\n\t\t<\/div>\n\t\t\t\t\t<nav class=\"elementor-nav-menu--dropdown elementor-nav-menu__container\" aria-hidden=\"true\">\n\t\t\t\t<ul id=\"menu-2-628dca0\" class=\"elementor-nav-menu\"><li class=\"menu-item menu-item-type-post_type menu-item-object-page menu-item-440\"><a href=\"https:\/\/ceadeb.org.br\/ceadeb\/secretaria\/\" class=\"elementor-item\" tabindex=\"-1\">Expediente<\/a><\/li>\n<li class=\"menu-item menu-item-type-post_type menu-item-object-page menu-item-428\"><a href=\"https:\/\/ceadeb.org.br\/ceadeb\/estatuto-e-regimento\/\" class=\"elementor-item\" tabindex=\"-1\">Estatuto e Regimento<\/a><\/li>\n<li class=\"menu-item menu-item-type-post_type menu-item-object-page menu-item-443\"><a href=\"https:\/\/ceadeb.org.br\/ceadeb\/resolucoes\/\" class=\"elementor-item\" tabindex=\"-1\">Resolu\u00e7\u00f5es<\/a><\/li>\n<li class=\"menu-item menu-item-type-post_type menu-item-object-page menu-item-429\"><a href=\"https:\/\/ceadeb.org.br\/ceadeb\/informativos-secretaria\/\" class=\"elementor-item\" tabindex=\"-1\">Informativos<\/a><\/li>\n<li class=\"menu-item menu-item-type-post_type menu-item-object-page menu-item-426\"><a href=\"https:\/\/ceadeb.org.br\/ceadeb\/secretaria-downloads\/\" class=\"elementor-item\" tabindex=\"-1\">Downloads<\/a><\/li>\n<li class=\"menu-item menu-item-type-post_type menu-item-object-page menu-item-425\"><a href=\"https:\/\/ceadeb.org.br\/ceadeb\/sistema\/\" class=\"elementor-item\" tabindex=\"-1\">Sistema<\/a><\/li>\n<li class=\"menu-item menu-item-type-post_type menu-item-object-page menu-item-427\"><a href=\"https:\/\/ceadeb.org.br\/ceadeb\/perguntas-frequentes\/\" class=\"elementor-item\" tabindex=\"-1\">Perguntas Frequ\u00eantes<\/a><\/li>\n<\/ul>\t\t\t<\/nav>\n\t\t\t\t<\/div>\n\t\t\t\t<\/div>\n\t\t\t\t\t<\/div>\n\t\t<\/div>\n\t\t\t\t\t\t\t<\/div>\n\t\t<\/section>\n\t\t\t\t<section class=\"elementor-section elementor-top-section elementor-element elementor-element-8b4e41e elementor-section-height-min-height elementor-section-items-top elementor-section-content-top elementor-section-boxed elementor-section-height-default\" data-id=\"8b4e41e\" data-element_type=\"section\">\n\t\t\t\t\t\t<div class=\"elementor-container elementor-column-gap-default\">\n\t\t\t\t\t<div class=\"elementor-column elementor-col-100 elementor-top-column elementor-element elementor-element-fe1d10f\" data-id=\"fe1d10f\" data-element_type=\"column\">\n\t\t\t<div class=\"elementor-widget-wrap elementor-element-populated\">\n\t\t\t\t\t\t\t\t<div class=\"elementor-element elementor-element-247adca elementor-widget elementor-widget-text-editor\" data-id=\"247adca\" data-element_type=\"widget\" data-widget_type=\"text-editor.default\">\n\t\t\t\t<div class=\"elementor-widget-container\">\n\t\t\t<style>\/*! elementor - v3.15.0 - 20-08-2023 *\/\n.elementor-widget-text-editor.elementor-drop-cap-view-stacked .elementor-drop-cap{background-color:#69727d;color:#fff}.elementor-widget-text-editor.elementor-drop-cap-view-framed .elementor-drop-cap{color:#69727d;border:3px solid;background-color:transparent}.elementor-widget-text-editor:not(.elementor-drop-cap-view-default) .elementor-drop-cap{margin-top:8px}.elementor-widget-text-editor:not(.elementor-drop-cap-view-default) .elementor-drop-cap-letter{width:1em;height:1em}.elementor-widget-text-editor .elementor-drop-cap{float:left;text-align:center;line-height:1;font-size:50px}.elementor-widget-text-editor .elementor-drop-cap-letter{display:inline-block}<\/style>\t\t\t\t<p><span style=\"color: #333333; font-family: Poppins, sans-serif; font-size: 14px;\">A Secretaria da CEADEB, composta pelos seus secret\u00e1rios adjuntos e secretaria executiva, como sempre, est\u00e1 \u00e0 disposi\u00e7\u00e3o do prezado irm\u00e3o para viabilizar naquilo que for necess\u00e1rio e para prestar quaisquer informa\u00e7\u00f5es pertinentes a documentos e encaminhamentos, atualiza\u00e7\u00e3o de dados cadastrais e endere\u00e7o, confec\u00e7\u00e3o da credencial, ajuda na elabora\u00e7\u00e3o de requerimentos, de of\u00edcios e outros.<\/span><br style=\"color: #333333; font-family: Poppins, sans-serif; font-size: 14px;\" \/><span style=\"color: #333333; font-family: Poppins, sans-serif; font-size: 14px;\">Funcionamos de segunda-feira \u00e0 sexta-feira das 08h at\u00e9 \u00e0s 17h, exceto nas sextas-feiras que funcionamos at\u00e9 as 16h.<\/span><br style=\"color: #333333; font-family: Poppins, sans-serif; font-size: 14px;\" \/><br style=\"color: #333333; font-family: Poppins, sans-serif; font-size: 14px;\" \/><span style=\"color: #333333; font-family: Poppins, sans-serif; font-size: 14px;\">Central de Relacionamento:<\/span><\/p><div class=\"redes1  team-socail-N red\" style=\"display: flex; color: #333333; font-family: Poppins, sans-serif; font-size: 14px;\"><br \/><span style=\"font-weight: bolder; margin-right: 3px;\">Telefone:<\/span>71 3503 &#8211; 8354<\/div><p><span style=\"font-weight: bolder; color: #333333; font-family: Poppins, sans-serif; font-size: 14px;\">Email:<\/span><span style=\"color: #333333; font-family: Poppins, sans-serif; font-size: 14px;\">\u00a0secretaria@ceadeb.com.br<\/span><\/p>\t\t\t\t\t\t<\/div>\n\t\t\t\t<\/div>\n\t\t\t\t\t<\/div>\n\t\t<\/div>\n\t\t\t\t\t\t\t<\/div>\n\t\t<\/section>\n\t\t\t\t\t\t\t<\/div>\n\t\t","protected":false},"excerpt":{"rendered":"<p>Secretaria A Secretaria da CEADEB, composta pelos seus secret\u00e1rios adjuntos e secretaria executiva, como sempre, est\u00e1 \u00e0 disposi\u00e7\u00e3o do prezado irm\u00e3o para viabilizar naquilo que for necess\u00e1rio e para prestar quaisquer informa\u00e7\u00f5es pertinentes a documentos e encaminhamentos, atualiza\u00e7\u00e3o de dados cadastrais e endere\u00e7o, confec\u00e7\u00e3o da credencial, ajuda na elabora\u00e7\u00e3o de requerimentos, de of\u00edcios e outros.Funcionamos [&hellip;]<\/p>\n","protected":false},"author":1,"featured_media":0,"parent":0,"menu_order":0,"comment_status":"closed","ping_status":"closed","template":"","meta":{"footnotes":""},"class_list":["post-82","page","type-page","status-publish","hentry"],"_links":{"self":[{"href":"https:\/\/ceadeb.org.br\/ceadeb\/wp-json\/wp\/v2\/pages\/82","targetHints":{"allow":["GET"]}}],"collection":[{"href":"https:\/\/ceadeb.org.br\/ceadeb\/wp-json\/wp\/v2\/pages"}],"about":[{"href":"https:\/\/ceadeb.org.br\/ceadeb\/wp-json\/wp\/v2\/types\/page"}],"author":[{"embeddable":true,"href":"https:\/\/ceadeb.org.br\/ceadeb\/wp-json\/wp\/v2\/users\/1"}],"replies":[{"embeddable":true,"href":"https:\/\/ceadeb.org.br\/ceadeb\/wp-json\/wp\/v2\/comments?post=82"}],"version-history":[{"count":25,"href":"https:\/\/ceadeb.org.br\/ceadeb\/wp-json\/wp\/v2\/pages\/82\/revisions"}],"predecessor-version":[{"id":2566,"href":"https:\/\/ceadeb.org.br\/ceadeb\/wp-json\/wp\/v2\/pages\/82\/revisions\/2566"}],"wp:attachment":[{"href":"https:\/\/ceadeb.org.br\/ceadeb\/wp-json\/wp\/v2\/media?parent=82"}],"curies":[{"name":"wp","href":"https:\/\/api.w.org\/{rel}","templated":true}]}}