{"id":78,"date":"2023-05-28T01:07:24","date_gmt":"2023-05-28T01:07:24","guid":{"rendered":"https:\/\/ceadeb.org.br\/ceadeb\/?page_id=78"},"modified":"2023-06-22T13:20:03","modified_gmt":"2023-06-22T13:20:03","slug":"palavra-do-presidente-2","status":"publish","type":"page","link":"https:\/\/ceadeb.org.br\/ceadeb\/palavra-do-presidente-2\/","title":{"rendered":"Palavra do Presidente"},"content":{"rendered":"\t\t<div data-elementor-type=\"wp-page\" data-elementor-id=\"78\" class=\"elementor elementor-78\">\n\t\t\t\t\t\t\t\t\t<section class=\"elementor-section elementor-top-section elementor-element elementor-element-e4d983b elementor-section-full_width elementor-section-height-default elementor-section-height-default\" data-id=\"e4d983b\" data-element_type=\"section\">\n\t\t\t\t\t\t<div class=\"elementor-container elementor-column-gap-default\">\n\t\t\t\t\t<div class=\"elementor-column elementor-col-100 elementor-top-column elementor-element elementor-element-40a3393\" data-id=\"40a3393\" data-element_type=\"column\" data-settings=\"{&quot;background_background&quot;:&quot;gradient&quot;}\">\n\t\t\t<div class=\"elementor-widget-wrap elementor-element-populated\">\n\t\t\t\t\t\t\t\t<div class=\"elementor-element elementor-element-9d53a67 elementor-widget elementor-widget-heading\" data-id=\"9d53a67\" data-element_type=\"widget\" data-widget_type=\"heading.default\">\n\t\t\t\t<div class=\"elementor-widget-container\">\n\t\t\t<style>\/*! elementor - v3.15.0 - 20-08-2023 *\/\n.elementor-heading-title{padding:0;margin:0;line-height:1}.elementor-widget-heading .elementor-heading-title[class*=elementor-size-]>a{color:inherit;font-size:inherit;line-height:inherit}.elementor-widget-heading .elementor-heading-title.elementor-size-small{font-size:15px}.elementor-widget-heading .elementor-heading-title.elementor-size-medium{font-size:19px}.elementor-widget-heading .elementor-heading-title.elementor-size-large{font-size:29px}.elementor-widget-heading .elementor-heading-title.elementor-size-xl{font-size:39px}.elementor-widget-heading .elementor-heading-title.elementor-size-xxl{font-size:59px}<\/style><h2 class=\"elementor-heading-title elementor-size-default\">Palavra do Presidente<\/h2>\t\t<\/div>\n\t\t\t\t<\/div>\n\t\t\t\t\t<\/div>\n\t\t<\/div>\n\t\t\t\t\t\t\t<\/div>\n\t\t<\/section>\n\t\t\t\t<section class=\"elementor-section elementor-top-section elementor-element elementor-element-be791b5 elementor-section-boxed elementor-section-height-default elementor-section-height-default\" data-id=\"be791b5\" data-element_type=\"section\">\n\t\t\t\t\t\t<div class=\"elementor-container elementor-column-gap-default\">\n\t\t\t\t\t<div class=\"elementor-column elementor-col-100 elementor-top-column elementor-element elementor-element-0456726\" data-id=\"0456726\" data-element_type=\"column\">\n\t\t\t<div class=\"elementor-widget-wrap elementor-element-populated\">\n\t\t\t\t\t\t\t\t<div class=\"elementor-element elementor-element-d8a9f6c elementor-widget elementor-widget-text-editor\" data-id=\"d8a9f6c\" data-element_type=\"widget\" data-widget_type=\"text-editor.default\">\n\t\t\t\t<div class=\"elementor-widget-container\">\n\t\t\t<style>\/*! elementor - v3.15.0 - 20-08-2023 *\/\n.elementor-widget-text-editor.elementor-drop-cap-view-stacked .elementor-drop-cap{background-color:#69727d;color:#fff}.elementor-widget-text-editor.elementor-drop-cap-view-framed .elementor-drop-cap{color:#69727d;border:3px solid;background-color:transparent}.elementor-widget-text-editor:not(.elementor-drop-cap-view-default) .elementor-drop-cap{margin-top:8px}.elementor-widget-text-editor:not(.elementor-drop-cap-view-default) .elementor-drop-cap-letter{width:1em;height:1em}.elementor-widget-text-editor .elementor-drop-cap{float:left;text-align:center;line-height:1;font-size:50px}.elementor-widget-text-editor .elementor-drop-cap-letter{display:inline-block}<\/style>\t\t\t\t<div class=\"about-us-title section-pt-50\"><h5 style=\"text-align: center;\">O AVIVAMENTO QUE PRECISAMOS<\/h5><\/div><p>A base do a<img decoding=\"async\" class=\"alignleft\" src=\"https:\/\/www.ceadeb.org.br\/ckfinder\/userfiles\/images\/Pastor%20Valdomiro%20PNG22%20-%20co%CC%81pia.png\" alt=\"\" \/>vivamento est\u00e1 em duas atitudes: ora\u00e7\u00e3o e obedi\u00eancia a Palavra de Deus. Se orarmos a Deus, em todo o tempo, e se os nossos ouvidos estiverem atentos a sua Palavra para a obedecermos, o avivamento vir\u00e1 a nossa vida e, com toda certeza, a vida de quem estiver ao nosso redor. A ora\u00e7\u00e3o \u00e9 um ato de relacionamento com o Senhor Jesus que cresce \u00e0 medida que nos dedicamos a ela; pode-se compar\u00e1-la a uma pequena planta que todos os dias cultivada e cuidada, cresce at\u00e9 se tornar uma \u00e1rvore. O crescimento diz respeito \u00e0 qualidade da rela\u00e7\u00e3o com o Senhor, pois, quanto mais \u00edntimo se \u00e9 de Deus, mais saberemos como conv\u00e9m conversar com Ele, suplicar, clamar e agradec\u00ea-Lo.<\/p><p>A Palavra nos d\u00e1 a conhecer a vontade do Senhor, dando-nos, desse modo, a dire\u00e7\u00e3o de como orar dentro do Seu querer. No entanto, ainda assim n\u00e3o se saber\u00e1 orar como conv\u00e9m, tal a sujei\u00e7\u00e3o da vontade humana \u00e0s circunst\u00e2ncias da vida. Nesse ponto, por\u00e9m, o Esp\u00edrito Santo intercede por n\u00f3s, e com gemidos inexprim\u00edveis, Rm 8.26.<\/p><p>Em verdade, o Esp\u00edrito Santo nos assiste em nossas fraquezas, e gra\u00e7as ao grande amor do Senhor \u00e9 que n\u00e3o somos consumidos, pois as suas miseric\u00f3rdias s\u00e3o inesgot\u00e1veis, e essas miseric\u00f3rdias se renovam a cada manh\u00e3?, Lm 3.22,23.<\/p><p>\u00c9 exclusivamente pela gra\u00e7a do Senhor que experimentamos a renova\u00e7\u00e3o. O salmista orou: Segundo a tua benignidade, vivifica-me; e desse modo vivificado, guardarei o testemunho da tua boca, Sl 119.88.<\/p><p>Uma vez com o cora\u00e7\u00e3o avivado pela presen\u00e7a do Senhor, seremos capazes de guardar as Suas palavras. Ali\u00e1s, n\u00e3o se pode esquecer de que se algu\u00e9m ama ao Senhor guardar\u00e1 a Sua palavra, e dEle ser\u00e1 a Sua morada. O Pai o amar\u00e1, n\u00f3s viremos a ele e faremos nele morada, Jo 14.23.<\/p><p>Muito se diz sobre o que realmente \u00e9 um verdadeiro avivamento b\u00edblico. Pode-se ter uma no\u00e7\u00e3o b\u00e1sica a partir da hist\u00f3ria do povo de Israel, quando seus profetas, alguns reis e sacerdotes, mediante a medita\u00e7\u00e3o do livro da lei do Senhor, promoviam o retorno do povo de seus maus caminhos, principalmente dos da idolatria, para adorarem o verdadeiro Deus. Esse avivamento se caracterizava pela busca e adora\u00e7\u00e3o a Deus ap\u00f3s o povo se arrepender de seus pecados pela exposi\u00e7\u00e3o da Palavra do Senhor. E, eles sabiam que era pela miseric\u00f3rdia e amor que Deus dispensava a Sua gra\u00e7a, como os filhos de Cor\u00e9 cantavam: Acaso n\u00e3o nos trar\u00e1 de volta a vida, a fim de que o teu povo se alegre em ti Sl 85.6; e de igual modo, o profeta Jeremias: H\u00e1 muito que o Senhor me apareceu, dizendo: Porquanto com amor eterno te amei, por isso com benignidade te atra\u00ed, Jr 31.3.<\/p><p>Entendemos que a leitura sincera da Palavra nos leva ao conhecimento do Senhor, fazendo, sobretudo, conhecer melhor nosso cora\u00e7\u00e3o diante da Sua santidade, Sua presen\u00e7a, Sua alegria, nos constrangendo ao arrependimento. Arrependimento que, sendo sincero, produzir\u00e1 transforma\u00e7\u00f5es nas nossas vidas.<\/p><p>A promessa do Senhor \u00e9 tornar a vida est\u00e9ril em pastos verdejantes, em rios que correm abundantemente. Tal vida produz a virtude de transpor muralhas, vales, romper para frente passando inc\u00f3lume pelas crises.<\/p><p>Seja conosco o mesmo que aconteceu aos disc\u00edpulos, quando amea\u00e7ados pelas autoridades de Israel e coagidos a n\u00e3o mais pregarem e ensinarem a respeito de Jesus, que se reuniram para orar a respeito, e tendo orado, tremeu o lugar&#8230;; todos ficaram cheios do Esp\u00edrito Santo, e, com intrepidez, anunciavam a palavra de Deus, At 4.31.<\/p><p>Pr. Valdomiro Pereira da Silva<\/p>\t\t\t\t\t\t<\/div>\n\t\t\t\t<\/div>\n\t\t\t\t\t<\/div>\n\t\t<\/div>\n\t\t\t\t\t\t\t<\/div>\n\t\t<\/section>\n\t\t\t\t\t\t\t<\/div>\n\t\t","protected":false},"excerpt":{"rendered":"<p>Palavra do Presidente O AVIVAMENTO QUE PRECISAMOS A base do avivamento est\u00e1 em duas atitudes: ora\u00e7\u00e3o e obedi\u00eancia a Palavra de Deus. Se orarmos a Deus, em todo o tempo, e se os nossos ouvidos estiverem atentos a sua Palavra para a obedecermos, o avivamento vir\u00e1 a nossa vida e, com toda certeza, a vida [&hellip;]<\/p>\n","protected":false},"author":1,"featured_media":0,"parent":0,"menu_order":0,"comment_status":"closed","ping_status":"closed","template":"","meta":{"footnotes":""},"class_list":["post-78","page","type-page","status-publish","hentry"],"_links":{"self":[{"href":"https:\/\/ceadeb.org.br\/ceadeb\/wp-json\/wp\/v2\/pages\/78","targetHints":{"allow":["GET"]}}],"collection":[{"href":"https:\/\/ceadeb.org.br\/ceadeb\/wp-json\/wp\/v2\/pages"}],"about":[{"href":"https:\/\/ceadeb.org.br\/ceadeb\/wp-json\/wp\/v2\/types\/page"}],"author":[{"embeddable":true,"href":"https:\/\/ceadeb.org.br\/ceadeb\/wp-json\/wp\/v2\/users\/1"}],"replies":[{"embeddable":true,"href":"https:\/\/ceadeb.org.br\/ceadeb\/wp-json\/wp\/v2\/comments?post=78"}],"version-history":[{"count":19,"href":"https:\/\/ceadeb.org.br\/ceadeb\/wp-json\/wp\/v2\/pages\/78\/revisions"}],"predecessor-version":[{"id":2557,"href":"https:\/\/ceadeb.org.br\/ceadeb\/wp-json\/wp\/v2\/pages\/78\/revisions\/2557"}],"wp:attachment":[{"href":"https:\/\/ceadeb.org.br\/ceadeb\/wp-json\/wp\/v2\/media?parent=78"}],"curies":[{"name":"wp","href":"https:\/\/api.w.org\/{rel}","templated":true}]}}