{"id":607,"date":"2023-06-02T12:00:03","date_gmt":"2023-06-02T12:00:03","guid":{"rendered":"https:\/\/ceadeb.org.br\/ceadeb\/?page_id=607"},"modified":"2023-06-22T13:48:48","modified_gmt":"2023-06-22T13:48:48","slug":"conselho-estadual-de-assuntos-politicos","status":"publish","type":"page","link":"https:\/\/ceadeb.org.br\/ceadeb\/conselho-estadual-de-assuntos-politicos\/","title":{"rendered":"Conselho Estadual de Assuntos Pol\u00edticos"},"content":{"rendered":"\t\t<div data-elementor-type=\"wp-page\" data-elementor-id=\"607\" class=\"elementor elementor-607\">\n\t\t\t\t\t\t\t\t\t<section class=\"elementor-section elementor-top-section elementor-element elementor-element-e4d983b elementor-section-full_width elementor-section-height-default elementor-section-height-default\" data-id=\"e4d983b\" data-element_type=\"section\">\n\t\t\t\t\t\t<div class=\"elementor-container elementor-column-gap-default\">\n\t\t\t\t\t<div class=\"elementor-column elementor-col-100 elementor-top-column elementor-element elementor-element-40a3393\" data-id=\"40a3393\" data-element_type=\"column\" data-settings=\"{&quot;background_background&quot;:&quot;gradient&quot;}\">\n\t\t\t<div class=\"elementor-widget-wrap elementor-element-populated\">\n\t\t\t\t\t\t\t\t<div class=\"elementor-element elementor-element-9d53a67 elementor-widget elementor-widget-heading\" data-id=\"9d53a67\" data-element_type=\"widget\" data-widget_type=\"heading.default\">\n\t\t\t\t<div class=\"elementor-widget-container\">\n\t\t\t<style>\/*! elementor - v3.15.0 - 20-08-2023 *\/\n.elementor-heading-title{padding:0;margin:0;line-height:1}.elementor-widget-heading .elementor-heading-title[class*=elementor-size-]>a{color:inherit;font-size:inherit;line-height:inherit}.elementor-widget-heading .elementor-heading-title.elementor-size-small{font-size:15px}.elementor-widget-heading .elementor-heading-title.elementor-size-medium{font-size:19px}.elementor-widget-heading .elementor-heading-title.elementor-size-large{font-size:29px}.elementor-widget-heading .elementor-heading-title.elementor-size-xl{font-size:39px}.elementor-widget-heading .elementor-heading-title.elementor-size-xxl{font-size:59px}<\/style><h2 class=\"elementor-heading-title elementor-size-default\">Conselho Estadual de Assuntos Pol\u00edticos<\/h2>\t\t<\/div>\n\t\t\t\t<\/div>\n\t\t\t\t\t<\/div>\n\t\t<\/div>\n\t\t\t\t\t\t\t<\/div>\n\t\t<\/section>\n\t\t\t\t<section class=\"elementor-section elementor-top-section elementor-element elementor-element-12db595 elementor-section-boxed elementor-section-height-default elementor-section-height-default\" data-id=\"12db595\" data-element_type=\"section\">\n\t\t\t\t\t\t<div class=\"elementor-container elementor-column-gap-default\">\n\t\t\t\t\t<div class=\"elementor-column elementor-col-100 elementor-top-column elementor-element elementor-element-f78c4bf\" data-id=\"f78c4bf\" data-element_type=\"column\">\n\t\t\t<div class=\"elementor-widget-wrap elementor-element-populated\">\n\t\t\t\t\t\t\t\t<div class=\"elementor-element elementor-element-5ee7017 elementor-tabs-view-horizontal elementor-widget elementor-widget-tabs\" data-id=\"5ee7017\" data-element_type=\"widget\" data-widget_type=\"tabs.default\">\n\t\t\t\t<div class=\"elementor-widget-container\">\n\t\t\t<style>\/*! elementor - v3.15.0 - 20-08-2023 *\/\n.elementor-widget-tabs.elementor-tabs-view-vertical .elementor-tabs-wrapper{width:25%;flex-shrink:0}.elementor-widget-tabs.elementor-tabs-view-vertical .elementor-tab-desktop-title.elementor-active{border-right-style:none}.elementor-widget-tabs.elementor-tabs-view-vertical .elementor-tab-desktop-title.elementor-active:after,.elementor-widget-tabs.elementor-tabs-view-vertical .elementor-tab-desktop-title.elementor-active:before{height:999em;width:0;right:0;border-right-style:solid}.elementor-widget-tabs.elementor-tabs-view-vertical .elementor-tab-desktop-title.elementor-active:before{top:0;transform:translateY(-100%)}.elementor-widget-tabs.elementor-tabs-view-vertical .elementor-tab-desktop-title.elementor-active:after{top:100%}.elementor-widget-tabs.elementor-tabs-view-horizontal .elementor-tab-desktop-title{display:table-cell}.elementor-widget-tabs.elementor-tabs-view-horizontal .elementor-tab-desktop-title.elementor-active{border-bottom-style:none}.elementor-widget-tabs.elementor-tabs-view-horizontal .elementor-tab-desktop-title.elementor-active:after,.elementor-widget-tabs.elementor-tabs-view-horizontal .elementor-tab-desktop-title.elementor-active:before{bottom:0;height:0;width:999em;border-bottom-style:solid}.elementor-widget-tabs.elementor-tabs-view-horizontal .elementor-tab-desktop-title.elementor-active:before{right:100%}.elementor-widget-tabs.elementor-tabs-view-horizontal .elementor-tab-desktop-title.elementor-active:after{left:100%}.elementor-widget-tabs .elementor-tab-content,.elementor-widget-tabs .elementor-tab-title,.elementor-widget-tabs .elementor-tab-title:after,.elementor-widget-tabs .elementor-tab-title:before,.elementor-widget-tabs .elementor-tabs-content-wrapper{border:1px #d5d8dc}.elementor-widget-tabs .elementor-tabs{text-align:left}.elementor-widget-tabs .elementor-tabs-wrapper{overflow:hidden}.elementor-widget-tabs .elementor-tab-title{cursor:pointer;outline:var(--focus-outline,none)}.elementor-widget-tabs .elementor-tab-desktop-title{position:relative;padding:20px 25px;font-weight:700;line-height:1;border:solid transparent}.elementor-widget-tabs .elementor-tab-desktop-title.elementor-active{border-color:#d5d8dc}.elementor-widget-tabs .elementor-tab-desktop-title.elementor-active:after,.elementor-widget-tabs .elementor-tab-desktop-title.elementor-active:before{display:block;content:\"\";position:absolute}.elementor-widget-tabs .elementor-tab-desktop-title:focus-visible{border:1px solid #000}.elementor-widget-tabs .elementor-tab-mobile-title{padding:10px;cursor:pointer}.elementor-widget-tabs .elementor-tab-content{padding:20px;display:none}@media (max-width:767px){.elementor-tabs .elementor-tab-content,.elementor-tabs .elementor-tab-title{border-style:solid solid none}.elementor-tabs .elementor-tabs-wrapper{display:none}.elementor-tabs .elementor-tabs-content-wrapper{border-bottom-style:solid}.elementor-tabs .elementor-tab-content{padding:10px}}@media (min-width:768px){.elementor-widget-tabs.elementor-tabs-view-vertical .elementor-tabs{display:flex}.elementor-widget-tabs.elementor-tabs-view-vertical .elementor-tabs-wrapper{flex-direction:column}.elementor-widget-tabs.elementor-tabs-view-vertical .elementor-tabs-content-wrapper{flex-grow:1;border-style:solid solid solid none}.elementor-widget-tabs.elementor-tabs-view-horizontal .elementor-tab-content{border-style:none solid solid}.elementor-widget-tabs.elementor-tabs-alignment-center .elementor-tabs-wrapper,.elementor-widget-tabs.elementor-tabs-alignment-end .elementor-tabs-wrapper,.elementor-widget-tabs.elementor-tabs-alignment-stretch .elementor-tabs-wrapper{display:flex}.elementor-widget-tabs.elementor-tabs-alignment-center .elementor-tabs-wrapper{justify-content:center}.elementor-widget-tabs.elementor-tabs-alignment-end .elementor-tabs-wrapper{justify-content:flex-end}.elementor-widget-tabs.elementor-tabs-alignment-stretch.elementor-tabs-view-horizontal .elementor-tab-title{width:100%}.elementor-widget-tabs.elementor-tabs-alignment-stretch.elementor-tabs-view-vertical .elementor-tab-title{height:100%}.elementor-tabs .elementor-tab-mobile-title{display:none}}<\/style>\t\t<div class=\"elementor-tabs\">\n\t\t\t<div class=\"elementor-tabs-wrapper\" role=\"tablist\" >\n\t\t\t\t\t\t\t\t\t<div id=\"elementor-tab-title-9951\" class=\"elementor-tab-title elementor-tab-desktop-title\" aria-selected=\"true\" data-tab=\"1\" role=\"tab\" tabindex=\"0\" aria-controls=\"elementor-tab-content-9951\" aria-expanded=\"false\">Conselho<\/div>\n\t\t\t\t\t\t\t\t\t<div id=\"elementor-tab-title-9952\" class=\"elementor-tab-title elementor-tab-desktop-title\" aria-selected=\"false\" data-tab=\"2\" role=\"tab\" tabindex=\"-1\" aria-controls=\"elementor-tab-content-9952\" aria-expanded=\"false\">Atribui\u00e7\u00f5es<\/div>\n\t\t\t\t\t\t\t<\/div>\n\t\t\t<div class=\"elementor-tabs-content-wrapper\" role=\"tablist\" aria-orientation=\"vertical\">\n\t\t\t\t\t\t\t\t\t<div class=\"elementor-tab-title elementor-tab-mobile-title\" aria-selected=\"true\" data-tab=\"1\" role=\"tab\" tabindex=\"0\" aria-controls=\"elementor-tab-content-9951\" aria-expanded=\"false\">Conselho<\/div>\n\t\t\t\t\t<div id=\"elementor-tab-content-9951\" class=\"elementor-tab-content elementor-clearfix\" data-tab=\"1\" role=\"tabpanel\" aria-labelledby=\"elementor-tab-title-9951\" tabindex=\"0\" hidden=\"false\"><div class=\"row \"><div class=\"col-lg-4 col-md-6\"><p><!-- Single Feature --><\/p><div class=\"single-feature text-center mt--30\"><p><!--<\/p>\n<div class=\"single-feature-foto border-b-one\">\n                                       <span><img decoding=\"async\" class=\"mt--0\" src=\"assets\/images\/icon\/pastor1.png\" alt=\"\"><\/span>\n                                    <\/div>\n<p>--><\/p><div class=\"single-feature-contents mt--20 \"><h5>Pr. Luiz Leandro dos Santos Lima<\/h5><p>Presidente<\/p><p>\u00a0<\/p><\/div><\/div><p><!--\/\/ Single Feature --><\/p><\/div><div class=\"col-lg-4 col-md-6\"><p><!-- Single Feature --><\/p><div class=\"single-feature text-center mt--30\"><p><!--<\/p>\n<div class=\"single-feature-foto border-b-one\">\n                                       <span><img decoding=\"async\" class=\"mt--0\" src=\"assets\/images\/icon\/pastor1.png\" alt=\"\"><\/span>\n                                    <\/div>\n<p>--><\/p><div class=\"single-feature-contents mt--20 \"><h5>Pr. Sidney J\u00fanior de Oliveira Salvador<\/h5><p>Tesoureiro<\/p><p>\u00a0<\/p><\/div><\/div><p><!--\/\/ Single Feature --><\/p><\/div><div class=\"col-lg-4 col-md-6\"><p><!-- Single Feature --><\/p><div class=\"single-feature text-center mt--30\"><p><!--<\/p>\n<div class=\"single-feature-foto border-b-one\">\n                                       <span><img decoding=\"async\" class=\"mt--0\" src=\"assets\/images\/icon\/pastor1.png\" alt=\"\"><\/span>\n                                    <\/div>\n<p>--><\/p><div class=\"single-feature-contents mt--20 \"><h5>Pr. Ant\u00f4nio Marcio Santos Braga<\/h5><p>Relator<\/p><p>\u00a0<\/p><\/div><\/div><p><!--\/\/ Single Feature --><\/p><\/div><div class=\"col-lg-4 col-md-6\"><p><!-- Single Feature --><\/p><div class=\"single-feature text-center mt--30\"><p><!--<\/p>\n<div class=\"single-feature-foto border-b-one\">\n                                       <span><img decoding=\"async\" class=\"mt--0\" src=\"assets\/images\/icon\/pastor1.png\" alt=\"\"><\/span>\n                                    <\/div>\n<p>--><\/p><div class=\"single-feature-contents mt--20 \"><h5>Pr. Isaac Pereira Borges<\/h5><p>Membro<\/p><p>\u00a0<\/p><\/div><\/div><p><!--\/\/ Single Feature --><\/p><\/div><div class=\"col-lg-4 col-md-6\"><p><!-- Single Feature --><\/p><div class=\"single-feature text-center mt--30\"><p><!--<\/p>\n<div class=\"single-feature-foto border-b-one\">\n                                       <span><img decoding=\"async\" class=\"mt--0\" src=\"assets\/images\/icon\/pastor1.png\" alt=\"\"><\/span>\n                                    <\/div>\n<p>--><\/p><div class=\"single-feature-contents mt--20 \"><h5>Pr. Rone Cl\u00e9cio de Menezes<\/h5><p>Membro<\/p><p>\u00a0<\/p><\/div><\/div><p><!--\/\/ Single Feature --><\/p><\/div><div class=\"col-lg-4 col-md-6\"><p><!-- Single Feature --><\/p><div class=\"single-feature text-center mt--30\"><p><!--<\/p>\n<div class=\"single-feature-foto border-b-one\">\n                                       <span><img decoding=\"async\" class=\"mt--0\" src=\"assets\/images\/icon\/pastor1.png\" alt=\"\"><\/span>\n                                    <\/div>\n<p>--><\/p><div class=\"single-feature-contents mt--20 \"><h5>Pr. Ednaldo Melo da Silva<\/h5><p>Membro<\/p><p>\u00a0<\/p><\/div><\/div><p><!--\/\/ Single Feature --><\/p><\/div><div class=\"col-lg-4 col-md-6\"><p><!-- Single Feature --><\/p><div class=\"single-feature text-center mt--30\"><p><!--<\/p>\n<div class=\"single-feature-foto border-b-one\">\n                                       <span><img decoding=\"async\" class=\"mt--0\" src=\"assets\/images\/icon\/pastor1.png\" alt=\"\"><\/span>\n                                    <\/div>\n<p>--><\/p><div class=\"single-feature-contents mt--20 \"><h5>Pr. Creosvaldo Ramos Oliveira<\/h5><p>Membro<\/p><p>\u00a0<\/p><\/div><\/div><p><!--\/\/ Single Feature --><\/p><\/div><div class=\"col-lg-4 col-md-6\"><p><!-- Single Feature --><\/p><div class=\"single-feature text-center mt--30\"><p><!--<\/p>\n<div class=\"single-feature-foto border-b-one\">\n                                       <span><img decoding=\"async\" class=\"mt--0\" src=\"assets\/images\/icon\/pastor1.png\" alt=\"\"><\/span>\n                                    <\/div>\n<p>--><\/p><div class=\"single-feature-contents mt--20 \"><h5>Pr. Benedito Jo\u00e3o de Macedo<\/h5><p>Membro<\/p><p>\u00a0<\/p><\/div><\/div><p><!--\/\/ Single Feature --><\/p><\/div><div class=\"col-lg-4 col-md-6\"><p><!-- Single Feature --><\/p><div class=\"single-feature text-center mt--30\"><p><!--<\/p>\n<div class=\"single-feature-foto border-b-one\">\n                                       <span><img decoding=\"async\" class=\"mt--0\" src=\"assets\/images\/icon\/pastor1.png\" alt=\"\"><\/span>\n                                    <\/div>\n<p>--><\/p><div class=\"single-feature-contents mt--20 \"><h5>Pr. Gerson Paz da Silva<\/h5><p>Membro<\/p><p>\u00a0<\/p><\/div><\/div><p><!--\/\/ Single Feature --><\/p><\/div><div class=\"col-lg-4 col-md-6\"><p><!-- Single Feature --><\/p><div class=\"single-feature text-center mt--30\"><p><!--<\/p>\n<div class=\"single-feature-foto border-b-one\">\n                                       <span><img decoding=\"async\" class=\"mt--0\" src=\"assets\/images\/icon\/pastor1.png\" alt=\"\"><\/span>\n                                    <\/div>\n<p>--><\/p><div class=\"single-feature-contents mt--20 \"><h5>Pr. Manass\u00e9s Jos\u00e9 dos Santos Ara\u00fajo<\/h5><p>Membro<\/p><\/div><\/div><p><!--\/\/ Single Feature --><\/p><\/div><\/div><\/div>\n\t\t\t\t\t\t\t\t\t<div class=\"elementor-tab-title elementor-tab-mobile-title\" aria-selected=\"false\" data-tab=\"2\" role=\"tab\" tabindex=\"-1\" aria-controls=\"elementor-tab-content-9952\" aria-expanded=\"false\">Atribui\u00e7\u00f5es<\/div>\n\t\t\t\t\t<div id=\"elementor-tab-content-9952\" class=\"elementor-tab-content elementor-clearfix\" data-tab=\"2\" role=\"tabpanel\" aria-labelledby=\"elementor-tab-title-9952\" tabindex=\"0\" hidden=\"hidden\"><h5>Atribui\u00e7\u00f5es<\/h5><p>I \u00a0Eleger entre seus membros, o presidente , o secret\u00e1rio e o relator;<\/p><p>II Examinar e emitir parecer a Mesa Diretora, sobre a conduta do candidato a cargo eletivo secular;<\/p><p>III Orientar os candidatos a pleitos eleitorais referendados pela Mesa Diretora, quanto \u00e0 filia\u00e7\u00e3o partid\u00e1ria;<\/p><p>IV Orientar o candidato eleito, a realizar projetos sociais, que venha ao encontro dos anseios da institui\u00e7\u00e3o;<\/p><p>V Acompanhar o mandato dos eleitos, requerendo deles as presta\u00e7\u00f5es de contas das atividades pol\u00edticas;<\/p><p>VI Prestar na AGO relat\u00f3rio de suas atividades.<\/p><\/div>\n\t\t\t\t\t\t\t<\/div>\n\t\t<\/div>\n\t\t\t\t<\/div>\n\t\t\t\t<\/div>\n\t\t\t\t\t<\/div>\n\t\t<\/div>\n\t\t\t\t\t\t\t<\/div>\n\t\t<\/section>\n\t\t\t\t\t\t\t<\/div>\n\t\t","protected":false},"excerpt":{"rendered":"<p>Conselho Estadual de Assuntos Pol\u00edticos Conselho Atribui\u00e7\u00f5es Conselho Pr. Luiz Leandro dos Santos Lima Presidente \u00a0 Pr. Sidney J\u00fanior de Oliveira Salvador Tesoureiro \u00a0 Pr. Ant\u00f4nio Marcio Santos Braga Relator \u00a0 Pr. Isaac Pereira Borges Membro \u00a0 Pr. Rone Cl\u00e9cio de Menezes Membro \u00a0 Pr. Ednaldo Melo da Silva Membro \u00a0 Pr. Creosvaldo Ramos Oliveira [&hellip;]<\/p>\n","protected":false},"author":1,"featured_media":0,"parent":0,"menu_order":0,"comment_status":"closed","ping_status":"closed","template":"","meta":{"footnotes":""},"class_list":["post-607","page","type-page","status-publish","hentry"],"_links":{"self":[{"href":"https:\/\/ceadeb.org.br\/ceadeb\/wp-json\/wp\/v2\/pages\/607","targetHints":{"allow":["GET"]}}],"collection":[{"href":"https:\/\/ceadeb.org.br\/ceadeb\/wp-json\/wp\/v2\/pages"}],"about":[{"href":"https:\/\/ceadeb.org.br\/ceadeb\/wp-json\/wp\/v2\/types\/page"}],"author":[{"embeddable":true,"href":"https:\/\/ceadeb.org.br\/ceadeb\/wp-json\/wp\/v2\/users\/1"}],"replies":[{"embeddable":true,"href":"https:\/\/ceadeb.org.br\/ceadeb\/wp-json\/wp\/v2\/comments?post=607"}],"version-history":[{"count":25,"href":"https:\/\/ceadeb.org.br\/ceadeb\/wp-json\/wp\/v2\/pages\/607\/revisions"}],"predecessor-version":[{"id":2590,"href":"https:\/\/ceadeb.org.br\/ceadeb\/wp-json\/wp\/v2\/pages\/607\/revisions\/2590"}],"wp:attachment":[{"href":"https:\/\/ceadeb.org.br\/ceadeb\/wp-json\/wp\/v2\/media?parent=607"}],"curies":[{"name":"wp","href":"https:\/\/api.w.org\/{rel}","templated":true}]}}