{"id":592,"date":"2023-06-02T10:51:29","date_gmt":"2023-06-02T10:51:29","guid":{"rendered":"https:\/\/ceadeb.org.br\/ceadeb\/?page_id=592"},"modified":"2023-06-22T14:01:37","modified_gmt":"2023-06-22T14:01:37","slug":"conselho-estadual-de-musica","status":"publish","type":"page","link":"https:\/\/ceadeb.org.br\/ceadeb\/conselho-estadual-de-musica\/","title":{"rendered":"Conselho Estadual de M\u00fasica"},"content":{"rendered":"\t\t<div data-elementor-type=\"wp-page\" data-elementor-id=\"592\" class=\"elementor elementor-592\">\n\t\t\t\t\t\t\t\t\t<section class=\"elementor-section elementor-top-section elementor-element elementor-element-e4d983b elementor-section-full_width elementor-section-height-default elementor-section-height-default\" data-id=\"e4d983b\" data-element_type=\"section\">\n\t\t\t\t\t\t<div class=\"elementor-container elementor-column-gap-default\">\n\t\t\t\t\t<div class=\"elementor-column elementor-col-100 elementor-top-column elementor-element elementor-element-40a3393\" data-id=\"40a3393\" data-element_type=\"column\" data-settings=\"{&quot;background_background&quot;:&quot;gradient&quot;}\">\n\t\t\t<div class=\"elementor-widget-wrap elementor-element-populated\">\n\t\t\t\t\t\t\t\t<div class=\"elementor-element elementor-element-9d53a67 elementor-widget elementor-widget-heading\" data-id=\"9d53a67\" data-element_type=\"widget\" data-widget_type=\"heading.default\">\n\t\t\t\t<div class=\"elementor-widget-container\">\n\t\t\t<style>\/*! elementor - v3.15.0 - 20-08-2023 *\/\n.elementor-heading-title{padding:0;margin:0;line-height:1}.elementor-widget-heading .elementor-heading-title[class*=elementor-size-]>a{color:inherit;font-size:inherit;line-height:inherit}.elementor-widget-heading .elementor-heading-title.elementor-size-small{font-size:15px}.elementor-widget-heading .elementor-heading-title.elementor-size-medium{font-size:19px}.elementor-widget-heading .elementor-heading-title.elementor-size-large{font-size:29px}.elementor-widget-heading .elementor-heading-title.elementor-size-xl{font-size:39px}.elementor-widget-heading .elementor-heading-title.elementor-size-xxl{font-size:59px}<\/style><h2 class=\"elementor-heading-title elementor-size-default\">Conselho Estadual de M\u00fasica<\/h2>\t\t<\/div>\n\t\t\t\t<\/div>\n\t\t\t\t\t<\/div>\n\t\t<\/div>\n\t\t\t\t\t\t\t<\/div>\n\t\t<\/section>\n\t\t\t\t<section class=\"elementor-section elementor-top-section elementor-element elementor-element-60aa984 elementor-section-boxed elementor-section-height-default elementor-section-height-default\" data-id=\"60aa984\" data-element_type=\"section\">\n\t\t\t\t\t\t<div class=\"elementor-container elementor-column-gap-default\">\n\t\t\t\t\t<div class=\"elementor-column elementor-col-100 elementor-top-column elementor-element elementor-element-6b04c3c\" data-id=\"6b04c3c\" data-element_type=\"column\">\n\t\t\t<div class=\"elementor-widget-wrap elementor-element-populated\">\n\t\t\t\t\t\t\t\t<div class=\"elementor-element elementor-element-765ad4f elementor-tabs-view-horizontal elementor-widget elementor-widget-tabs\" data-id=\"765ad4f\" data-element_type=\"widget\" data-widget_type=\"tabs.default\">\n\t\t\t\t<div class=\"elementor-widget-container\">\n\t\t\t<style>\/*! elementor - v3.15.0 - 20-08-2023 *\/\n.elementor-widget-tabs.elementor-tabs-view-vertical .elementor-tabs-wrapper{width:25%;flex-shrink:0}.elementor-widget-tabs.elementor-tabs-view-vertical .elementor-tab-desktop-title.elementor-active{border-right-style:none}.elementor-widget-tabs.elementor-tabs-view-vertical .elementor-tab-desktop-title.elementor-active:after,.elementor-widget-tabs.elementor-tabs-view-vertical .elementor-tab-desktop-title.elementor-active:before{height:999em;width:0;right:0;border-right-style:solid}.elementor-widget-tabs.elementor-tabs-view-vertical .elementor-tab-desktop-title.elementor-active:before{top:0;transform:translateY(-100%)}.elementor-widget-tabs.elementor-tabs-view-vertical .elementor-tab-desktop-title.elementor-active:after{top:100%}.elementor-widget-tabs.elementor-tabs-view-horizontal .elementor-tab-desktop-title{display:table-cell}.elementor-widget-tabs.elementor-tabs-view-horizontal .elementor-tab-desktop-title.elementor-active{border-bottom-style:none}.elementor-widget-tabs.elementor-tabs-view-horizontal .elementor-tab-desktop-title.elementor-active:after,.elementor-widget-tabs.elementor-tabs-view-horizontal .elementor-tab-desktop-title.elementor-active:before{bottom:0;height:0;width:999em;border-bottom-style:solid}.elementor-widget-tabs.elementor-tabs-view-horizontal .elementor-tab-desktop-title.elementor-active:before{right:100%}.elementor-widget-tabs.elementor-tabs-view-horizontal .elementor-tab-desktop-title.elementor-active:after{left:100%}.elementor-widget-tabs .elementor-tab-content,.elementor-widget-tabs .elementor-tab-title,.elementor-widget-tabs .elementor-tab-title:after,.elementor-widget-tabs .elementor-tab-title:before,.elementor-widget-tabs .elementor-tabs-content-wrapper{border:1px #d5d8dc}.elementor-widget-tabs .elementor-tabs{text-align:left}.elementor-widget-tabs .elementor-tabs-wrapper{overflow:hidden}.elementor-widget-tabs .elementor-tab-title{cursor:pointer;outline:var(--focus-outline,none)}.elementor-widget-tabs .elementor-tab-desktop-title{position:relative;padding:20px 25px;font-weight:700;line-height:1;border:solid transparent}.elementor-widget-tabs .elementor-tab-desktop-title.elementor-active{border-color:#d5d8dc}.elementor-widget-tabs .elementor-tab-desktop-title.elementor-active:after,.elementor-widget-tabs .elementor-tab-desktop-title.elementor-active:before{display:block;content:\"\";position:absolute}.elementor-widget-tabs .elementor-tab-desktop-title:focus-visible{border:1px solid #000}.elementor-widget-tabs .elementor-tab-mobile-title{padding:10px;cursor:pointer}.elementor-widget-tabs .elementor-tab-content{padding:20px;display:none}@media (max-width:767px){.elementor-tabs .elementor-tab-content,.elementor-tabs .elementor-tab-title{border-style:solid solid none}.elementor-tabs .elementor-tabs-wrapper{display:none}.elementor-tabs .elementor-tabs-content-wrapper{border-bottom-style:solid}.elementor-tabs .elementor-tab-content{padding:10px}}@media (min-width:768px){.elementor-widget-tabs.elementor-tabs-view-vertical .elementor-tabs{display:flex}.elementor-widget-tabs.elementor-tabs-view-vertical .elementor-tabs-wrapper{flex-direction:column}.elementor-widget-tabs.elementor-tabs-view-vertical .elementor-tabs-content-wrapper{flex-grow:1;border-style:solid solid solid none}.elementor-widget-tabs.elementor-tabs-view-horizontal .elementor-tab-content{border-style:none solid solid}.elementor-widget-tabs.elementor-tabs-alignment-center .elementor-tabs-wrapper,.elementor-widget-tabs.elementor-tabs-alignment-end .elementor-tabs-wrapper,.elementor-widget-tabs.elementor-tabs-alignment-stretch .elementor-tabs-wrapper{display:flex}.elementor-widget-tabs.elementor-tabs-alignment-center .elementor-tabs-wrapper{justify-content:center}.elementor-widget-tabs.elementor-tabs-alignment-end .elementor-tabs-wrapper{justify-content:flex-end}.elementor-widget-tabs.elementor-tabs-alignment-stretch.elementor-tabs-view-horizontal .elementor-tab-title{width:100%}.elementor-widget-tabs.elementor-tabs-alignment-stretch.elementor-tabs-view-vertical .elementor-tab-title{height:100%}.elementor-tabs .elementor-tab-mobile-title{display:none}}<\/style>\t\t<div class=\"elementor-tabs\">\n\t\t\t<div class=\"elementor-tabs-wrapper\" role=\"tablist\" >\n\t\t\t\t\t\t\t\t\t<div id=\"elementor-tab-title-1241\" class=\"elementor-tab-title elementor-tab-desktop-title\" aria-selected=\"true\" data-tab=\"1\" role=\"tab\" tabindex=\"0\" aria-controls=\"elementor-tab-content-1241\" aria-expanded=\"false\">Conselho<\/div>\n\t\t\t\t\t\t\t\t\t<div id=\"elementor-tab-title-1242\" class=\"elementor-tab-title elementor-tab-desktop-title\" aria-selected=\"false\" data-tab=\"2\" role=\"tab\" tabindex=\"-1\" aria-controls=\"elementor-tab-content-1242\" aria-expanded=\"false\">Atribui\u00e7\u00f5es<\/div>\n\t\t\t\t\t\t\t<\/div>\n\t\t\t<div class=\"elementor-tabs-content-wrapper\" role=\"tablist\" aria-orientation=\"vertical\">\n\t\t\t\t\t\t\t\t\t<div class=\"elementor-tab-title elementor-tab-mobile-title\" aria-selected=\"true\" data-tab=\"1\" role=\"tab\" tabindex=\"0\" aria-controls=\"elementor-tab-content-1241\" aria-expanded=\"false\">Conselho<\/div>\n\t\t\t\t\t<div id=\"elementor-tab-content-1241\" class=\"elementor-tab-content elementor-clearfix\" data-tab=\"1\" role=\"tabpanel\" aria-labelledby=\"elementor-tab-title-1241\" tabindex=\"0\" hidden=\"false\"><div class=\"row \"><div class=\"col-lg-4 col-md-6\"><p><!-- Single Feature --><\/p><div class=\"single-feature text-center mt--30\"><p><!--<\/p>\n<div class=\"single-feature-foto border-b-one\">\n                                       <span><img decoding=\"async\" class=\"mt--0\" src=\"assets\/images\/icon\/pastor1.png\" alt=\"\"><\/span>\n                                    <\/div>\n<p>--><\/p><div class=\"single-feature-contents mt--20 \"><h5>Pr. Raul Santos<\/h5><p>Presidente<\/p><p>\u00a0<\/p><\/div><\/div><p><!--\/\/ Single Feature --><\/p><\/div><div class=\"col-lg-4 col-md-6\"><p><!-- Single Feature --><\/p><div class=\"single-feature text-center mt--30\"><p><!--<\/p>\n<div class=\"single-feature-foto border-b-one\">\n                                       <span><img decoding=\"async\" class=\"mt--0\" src=\"assets\/images\/icon\/pastor1.png\" alt=\"\"><\/span>\n                                    <\/div>\n<p>--><\/p><div class=\"single-feature-contents mt--20 \"><h5>Pr. Hugo Andrade Amorim<\/h5><p>Relator<\/p><p>\u00a0<\/p><\/div><\/div><p><!--\/\/ Single Feature --><\/p><\/div><div class=\"col-lg-4 col-md-6\"><p><!-- Single Feature --><\/p><div class=\"single-feature text-center mt--30\"><p><!--<\/p>\n<div class=\"single-feature-foto border-b-one\">\n                                       <span><img decoding=\"async\" class=\"mt--0\" src=\"assets\/images\/icon\/pastor1.png\" alt=\"\"><\/span>\n                                    <\/div>\n<p>--><\/p><div class=\"single-feature-contents mt--20 \"><h5>Pr. Eraldo Ribeiro Silva<\/h5><p>Secret\u00e1rio<\/p><p>\u00a0<\/p><\/div><\/div><p><!--\/\/ Single Feature --><\/p><\/div><div class=\"col-lg-4 col-md-6\"><p><!-- Single Feature --><\/p><div class=\"single-feature text-center mt--30\"><p><!--<\/p>\n<div class=\"single-feature-foto border-b-one\">\n                                       <span><img decoding=\"async\" class=\"mt--0\" src=\"assets\/images\/icon\/pastor1.png\" alt=\"\"><\/span>\n                                    <\/div>\n<p>--><\/p><div class=\"single-feature-contents mt--20 \"><h5>Pr. Edvaldo Duarte Souza<\/h5><p>Membro<\/p><p>\u00a0<\/p><\/div><\/div><p><!--\/\/ Single Feature --><\/p><\/div><div class=\"col-lg-4 col-md-6\"><p><!-- Single Feature --><\/p><div class=\"single-feature text-center mt--30\"><p><!--<\/p>\n<div class=\"single-feature-foto border-b-one\">\n                                       <span><img decoding=\"async\" class=\"mt--0\" src=\"assets\/images\/icon\/pastor1.png\" alt=\"\"><\/span>\n                                    <\/div>\n<p>--><\/p><div class=\"single-feature-contents mt--20 \"><h5>Pr. Eronildes Souza Neto<\/h5><p>Membro<\/p><p>\u00a0<\/p><\/div><\/div><p><!--\/\/ Single Feature --><\/p><\/div><div class=\"col-lg-4 col-md-6\"><p><!-- Single Feature --><\/p><div class=\"single-feature text-center mt--30\"><p><!--<\/p>\n<div class=\"single-feature-foto border-b-one\">\n                                       <span><img decoding=\"async\" class=\"mt--0\" src=\"assets\/images\/icon\/pastor1.png\" alt=\"\"><\/span>\n                                    <\/div>\n<p>--><\/p><div class=\"single-feature-contents mt--20 \"><h5>Pr. Carlos Sampaio Dourado<\/h5><p>Membro<\/p><p>\u00a0<\/p><\/div><\/div><p><!--\/\/ Single Feature --><\/p><\/div><div class=\"col-lg-4 col-md-6\"><p><!-- Single Feature --><\/p><div class=\"single-feature text-center mt--30\"><p><!--<\/p>\n<div class=\"single-feature-foto border-b-one\">\n                                       <span><img decoding=\"async\" class=\"mt--0\" src=\"assets\/images\/icon\/pastor1.png\" alt=\"\"><\/span>\n                                    <\/div>\n<p>--><\/p><div class=\"single-feature-contents mt--20 \"><h5>Pr. Gideony Campos Borges<\/h5><p>Membro<\/p><p>\u00a0<\/p><\/div><\/div><p><!--\/\/ Single Feature --><\/p><\/div><div class=\"col-lg-4 col-md-6\"><p><!-- Single Feature --><\/p><div class=\"single-feature text-center mt--30\"><p><!--<\/p>\n<div class=\"single-feature-foto border-b-one\">\n                                       <span><img decoding=\"async\" class=\"mt--0\" src=\"assets\/images\/icon\/pastor1.png\" alt=\"\"><\/span>\n                                    <\/div>\n<p>--><\/p><div class=\"single-feature-contents mt--20 \"><h5>Pr. Rosil\u00facio Nery de Jesus<\/h5><p>Membro<\/p><p>\u00a0<\/p><\/div><\/div><p><!--\/\/ Single Feature --><\/p><\/div><div class=\"col-lg-4 col-md-6\"><p><!-- Single Feature --><\/p><div class=\"single-feature text-center mt--30\"><p><!--<\/p>\n<div class=\"single-feature-foto border-b-one\">\n                                       <span><img decoding=\"async\" class=\"mt--0\" src=\"assets\/images\/icon\/pastor1.png\" alt=\"\"><\/span>\n                                    <\/div>\n<p>--><\/p><div class=\"single-feature-contents mt--20 \"><h5>Pr. Marcos William Vieira Azeredo<\/h5><p>Membro<\/p><p>\u00a0<\/p><\/div><\/div><p><!--\/\/ Single Feature --><\/p><\/div><div class=\"col-lg-4 col-md-6\"><p><!-- Single Feature --><\/p><div class=\"single-feature text-center mt--30\"><p><!--<\/p>\n<div class=\"single-feature-foto border-b-one\">\n                                       <span><img decoding=\"async\" class=\"mt--0\" src=\"assets\/images\/icon\/pastor1.png\" alt=\"\"><\/span>\n                                    <\/div>\n<p>--><\/p><div class=\"single-feature-contents mt--20 \"><h5>Pr. Vilm\u00e1rio Gonzaga Vieira<\/h5><p>Membro<\/p><\/div><\/div><p><!--\/\/ Single Feature --><\/p><\/div><\/div><\/div>\n\t\t\t\t\t\t\t\t\t<div class=\"elementor-tab-title elementor-tab-mobile-title\" aria-selected=\"false\" data-tab=\"2\" role=\"tab\" tabindex=\"-1\" aria-controls=\"elementor-tab-content-1242\" aria-expanded=\"false\">Atribui\u00e7\u00f5es<\/div>\n\t\t\t\t\t<div id=\"elementor-tab-content-1242\" class=\"elementor-tab-content elementor-clearfix\" data-tab=\"2\" role=\"tabpanel\" aria-labelledby=\"elementor-tab-title-1242\" tabindex=\"0\" hidden=\"hidden\"><h5>Atribui\u00e7\u00f5es<\/h5><p>I \u00a0Eleger entre seus membros, o presidente , o secret\u00e1rio e o relator;<\/p><p>II Examinar e emitir parecer a Mesa Diretora, sobre hinos oficiais da Harpa Crist\u00e3 e avulsos;<\/p><p>III Acompanhar os momentos devocionais e louvores nas Assembleias Gerais;<\/p><p>IV Prestar na AGO relat\u00f3rios de suas atividades.\u00a0<\/p><\/div>\n\t\t\t\t\t\t\t<\/div>\n\t\t<\/div>\n\t\t\t\t<\/div>\n\t\t\t\t<\/div>\n\t\t\t\t\t<\/div>\n\t\t<\/div>\n\t\t\t\t\t\t\t<\/div>\n\t\t<\/section>\n\t\t\t\t\t\t\t<\/div>\n\t\t","protected":false},"excerpt":{"rendered":"<p>Conselho Estadual de M\u00fasica Conselho Atribui\u00e7\u00f5es Conselho Pr. Raul Santos Presidente \u00a0 Pr. Hugo Andrade Amorim Relator \u00a0 Pr. Eraldo Ribeiro Silva Secret\u00e1rio \u00a0 Pr. Edvaldo Duarte Souza Membro \u00a0 Pr. Eronildes Souza Neto Membro \u00a0 Pr. Carlos Sampaio Dourado Membro \u00a0 Pr. Gideony Campos Borges Membro \u00a0 Pr. Rosil\u00facio Nery de Jesus Membro \u00a0 [&hellip;]<\/p>\n","protected":false},"author":1,"featured_media":0,"parent":0,"menu_order":0,"comment_status":"closed","ping_status":"closed","template":"","meta":{"footnotes":""},"class_list":["post-592","page","type-page","status-publish","hentry"],"_links":{"self":[{"href":"https:\/\/ceadeb.org.br\/ceadeb\/wp-json\/wp\/v2\/pages\/592","targetHints":{"allow":["GET"]}}],"collection":[{"href":"https:\/\/ceadeb.org.br\/ceadeb\/wp-json\/wp\/v2\/pages"}],"about":[{"href":"https:\/\/ceadeb.org.br\/ceadeb\/wp-json\/wp\/v2\/types\/page"}],"author":[{"embeddable":true,"href":"https:\/\/ceadeb.org.br\/ceadeb\/wp-json\/wp\/v2\/users\/1"}],"replies":[{"embeddable":true,"href":"https:\/\/ceadeb.org.br\/ceadeb\/wp-json\/wp\/v2\/comments?post=592"}],"version-history":[{"count":28,"href":"https:\/\/ceadeb.org.br\/ceadeb\/wp-json\/wp\/v2\/pages\/592\/revisions"}],"predecessor-version":[{"id":2594,"href":"https:\/\/ceadeb.org.br\/ceadeb\/wp-json\/wp\/v2\/pages\/592\/revisions\/2594"}],"wp:attachment":[{"href":"https:\/\/ceadeb.org.br\/ceadeb\/wp-json\/wp\/v2\/media?parent=592"}],"curies":[{"name":"wp","href":"https:\/\/api.w.org\/{rel}","templated":true}]}}