{"id":590,"date":"2023-06-02T10:51:29","date_gmt":"2023-06-02T10:51:29","guid":{"rendered":"https:\/\/ceadeb.org.br\/ceadeb\/?page_id=590"},"modified":"2023-06-22T13:43:04","modified_gmt":"2023-06-22T13:43:04","slug":"conselho-estadual-de-discipulado-dinamico","status":"publish","type":"page","link":"https:\/\/ceadeb.org.br\/ceadeb\/conselho-estadual-de-discipulado-dinamico\/","title":{"rendered":"Conselho Estadual de Discipulado Din\u00e2mico"},"content":{"rendered":"\t\t<div data-elementor-type=\"wp-page\" data-elementor-id=\"590\" class=\"elementor elementor-590\">\n\t\t\t\t\t\t\t\t\t<section class=\"elementor-section elementor-top-section elementor-element elementor-element-e4d983b elementor-section-full_width elementor-section-height-default elementor-section-height-default\" data-id=\"e4d983b\" data-element_type=\"section\">\n\t\t\t\t\t\t<div class=\"elementor-container elementor-column-gap-default\">\n\t\t\t\t\t<div class=\"elementor-column elementor-col-100 elementor-top-column elementor-element elementor-element-40a3393\" data-id=\"40a3393\" data-element_type=\"column\" data-settings=\"{&quot;background_background&quot;:&quot;gradient&quot;}\">\n\t\t\t<div class=\"elementor-widget-wrap elementor-element-populated\">\n\t\t\t\t\t\t\t\t<div class=\"elementor-element elementor-element-9d53a67 elementor-widget elementor-widget-heading\" data-id=\"9d53a67\" data-element_type=\"widget\" data-widget_type=\"heading.default\">\n\t\t\t\t<div class=\"elementor-widget-container\">\n\t\t\t<style>\/*! elementor - v3.15.0 - 20-08-2023 *\/\n.elementor-heading-title{padding:0;margin:0;line-height:1}.elementor-widget-heading .elementor-heading-title[class*=elementor-size-]>a{color:inherit;font-size:inherit;line-height:inherit}.elementor-widget-heading .elementor-heading-title.elementor-size-small{font-size:15px}.elementor-widget-heading .elementor-heading-title.elementor-size-medium{font-size:19px}.elementor-widget-heading .elementor-heading-title.elementor-size-large{font-size:29px}.elementor-widget-heading .elementor-heading-title.elementor-size-xl{font-size:39px}.elementor-widget-heading .elementor-heading-title.elementor-size-xxl{font-size:59px}<\/style><h2 class=\"elementor-heading-title elementor-size-default\">Conselho Estadual de Discipulado Din\u00e2mico<\/h2>\t\t<\/div>\n\t\t\t\t<\/div>\n\t\t\t\t\t<\/div>\n\t\t<\/div>\n\t\t\t\t\t\t\t<\/div>\n\t\t<\/section>\n\t\t\t\t<section class=\"elementor-section elementor-top-section elementor-element elementor-element-f066031 elementor-section-boxed elementor-section-height-default elementor-section-height-default\" data-id=\"f066031\" data-element_type=\"section\">\n\t\t\t\t\t\t<div class=\"elementor-container elementor-column-gap-default\">\n\t\t\t\t\t<div class=\"elementor-column elementor-col-100 elementor-top-column elementor-element elementor-element-46857dc\" data-id=\"46857dc\" data-element_type=\"column\">\n\t\t\t<div class=\"elementor-widget-wrap elementor-element-populated\">\n\t\t\t\t\t\t\t\t<div class=\"elementor-element elementor-element-c0711ff elementor-nav-menu--dropdown-tablet elementor-nav-menu__text-align-aside elementor-nav-menu--toggle elementor-nav-menu--burger elementor-widget elementor-widget-nav-menu\" data-id=\"c0711ff\" data-element_type=\"widget\" data-settings=\"{&quot;layout&quot;:&quot;horizontal&quot;,&quot;submenu_icon&quot;:{&quot;value&quot;:&quot;&lt;i class=\\&quot;fas fa-caret-down\\&quot;&gt;&lt;\\\/i&gt;&quot;,&quot;library&quot;:&quot;fa-solid&quot;},&quot;toggle&quot;:&quot;burger&quot;}\" data-widget_type=\"nav-menu.default\">\n\t\t\t\t<div class=\"elementor-widget-container\">\n\t\t\t<link rel=\"stylesheet\" href=\"https:\/\/ceadeb.org.br\/ceadeb\/wp-content\/plugins\/elementor-pro\/assets\/css\/widget-nav-menu.min.css\">\t\t\t<nav class=\"elementor-nav-menu--main elementor-nav-menu__container elementor-nav-menu--layout-horizontal e--pointer-underline e--animation-fade\">\n\t\t\t\t<ul id=\"menu-1-c0711ff\" class=\"elementor-nav-menu\"><li class=\"menu-item menu-item-type-post_type menu-item-object-page menu-item-728\"><a href=\"https:\/\/ceadeb.org.br\/ceadeb\/conselho-estadual-de-discipulado-dinamico\/\" class=\"elementor-item\">Conselho<\/a><\/li>\n<li class=\"menu-item menu-item-type-taxonomy menu-item-object-category menu-item-723\"><a href=\"https:\/\/ceadeb.org.br\/ceadeb\/category\/noticias-cedd\/\" class=\"elementor-item\">Noticias<\/a><\/li>\n<li class=\"menu-item menu-item-type-taxonomy menu-item-object-category menu-item-722\"><a href=\"https:\/\/ceadeb.org.br\/ceadeb\/category\/fotos_cedd\/\" class=\"elementor-item\">Fotos<\/a><\/li>\n<li class=\"menu-item menu-item-type-taxonomy menu-item-object-category menu-item-724\"><a href=\"https:\/\/ceadeb.org.br\/ceadeb\/category\/videos-cedd\/\" class=\"elementor-item\">V\u00eddeos<\/a><\/li>\n<\/ul>\t\t\t<\/nav>\n\t\t\t\t\t<div class=\"elementor-menu-toggle\" role=\"button\" tabindex=\"0\" aria-label=\"Menu Toggle\" aria-expanded=\"false\">\n\t\t\t<i aria-hidden=\"true\" role=\"presentation\" class=\"elementor-menu-toggle__icon--open eicon-menu-bar\"><\/i><i aria-hidden=\"true\" role=\"presentation\" class=\"elementor-menu-toggle__icon--close eicon-close\"><\/i>\t\t\t<span class=\"elementor-screen-only\">Menu<\/span>\n\t\t<\/div>\n\t\t\t\t\t<nav class=\"elementor-nav-menu--dropdown elementor-nav-menu__container\" aria-hidden=\"true\">\n\t\t\t\t<ul id=\"menu-2-c0711ff\" class=\"elementor-nav-menu\"><li class=\"menu-item menu-item-type-post_type menu-item-object-page menu-item-728\"><a href=\"https:\/\/ceadeb.org.br\/ceadeb\/conselho-estadual-de-discipulado-dinamico\/\" class=\"elementor-item\" tabindex=\"-1\">Conselho<\/a><\/li>\n<li class=\"menu-item menu-item-type-taxonomy menu-item-object-category menu-item-723\"><a href=\"https:\/\/ceadeb.org.br\/ceadeb\/category\/noticias-cedd\/\" class=\"elementor-item\" tabindex=\"-1\">Noticias<\/a><\/li>\n<li class=\"menu-item menu-item-type-taxonomy menu-item-object-category menu-item-722\"><a href=\"https:\/\/ceadeb.org.br\/ceadeb\/category\/fotos_cedd\/\" class=\"elementor-item\" tabindex=\"-1\">Fotos<\/a><\/li>\n<li class=\"menu-item menu-item-type-taxonomy menu-item-object-category menu-item-724\"><a href=\"https:\/\/ceadeb.org.br\/ceadeb\/category\/videos-cedd\/\" class=\"elementor-item\" tabindex=\"-1\">V\u00eddeos<\/a><\/li>\n<\/ul>\t\t\t<\/nav>\n\t\t\t\t<\/div>\n\t\t\t\t<\/div>\n\t\t\t\t<div class=\"elementor-element elementor-element-28bfc33 elementor-tabs-view-horizontal elementor-widget elementor-widget-tabs\" data-id=\"28bfc33\" data-element_type=\"widget\" data-widget_type=\"tabs.default\">\n\t\t\t\t<div class=\"elementor-widget-container\">\n\t\t\t<style>\/*! elementor - v3.15.0 - 20-08-2023 *\/\n.elementor-widget-tabs.elementor-tabs-view-vertical .elementor-tabs-wrapper{width:25%;flex-shrink:0}.elementor-widget-tabs.elementor-tabs-view-vertical .elementor-tab-desktop-title.elementor-active{border-right-style:none}.elementor-widget-tabs.elementor-tabs-view-vertical .elementor-tab-desktop-title.elementor-active:after,.elementor-widget-tabs.elementor-tabs-view-vertical .elementor-tab-desktop-title.elementor-active:before{height:999em;width:0;right:0;border-right-style:solid}.elementor-widget-tabs.elementor-tabs-view-vertical .elementor-tab-desktop-title.elementor-active:before{top:0;transform:translateY(-100%)}.elementor-widget-tabs.elementor-tabs-view-vertical .elementor-tab-desktop-title.elementor-active:after{top:100%}.elementor-widget-tabs.elementor-tabs-view-horizontal .elementor-tab-desktop-title{display:table-cell}.elementor-widget-tabs.elementor-tabs-view-horizontal .elementor-tab-desktop-title.elementor-active{border-bottom-style:none}.elementor-widget-tabs.elementor-tabs-view-horizontal .elementor-tab-desktop-title.elementor-active:after,.elementor-widget-tabs.elementor-tabs-view-horizontal .elementor-tab-desktop-title.elementor-active:before{bottom:0;height:0;width:999em;border-bottom-style:solid}.elementor-widget-tabs.elementor-tabs-view-horizontal .elementor-tab-desktop-title.elementor-active:before{right:100%}.elementor-widget-tabs.elementor-tabs-view-horizontal .elementor-tab-desktop-title.elementor-active:after{left:100%}.elementor-widget-tabs .elementor-tab-content,.elementor-widget-tabs .elementor-tab-title,.elementor-widget-tabs .elementor-tab-title:after,.elementor-widget-tabs .elementor-tab-title:before,.elementor-widget-tabs .elementor-tabs-content-wrapper{border:1px #d5d8dc}.elementor-widget-tabs .elementor-tabs{text-align:left}.elementor-widget-tabs .elementor-tabs-wrapper{overflow:hidden}.elementor-widget-tabs .elementor-tab-title{cursor:pointer;outline:var(--focus-outline,none)}.elementor-widget-tabs .elementor-tab-desktop-title{position:relative;padding:20px 25px;font-weight:700;line-height:1;border:solid transparent}.elementor-widget-tabs .elementor-tab-desktop-title.elementor-active{border-color:#d5d8dc}.elementor-widget-tabs .elementor-tab-desktop-title.elementor-active:after,.elementor-widget-tabs .elementor-tab-desktop-title.elementor-active:before{display:block;content:\"\";position:absolute}.elementor-widget-tabs .elementor-tab-desktop-title:focus-visible{border:1px solid #000}.elementor-widget-tabs .elementor-tab-mobile-title{padding:10px;cursor:pointer}.elementor-widget-tabs .elementor-tab-content{padding:20px;display:none}@media (max-width:767px){.elementor-tabs .elementor-tab-content,.elementor-tabs .elementor-tab-title{border-style:solid solid none}.elementor-tabs .elementor-tabs-wrapper{display:none}.elementor-tabs .elementor-tabs-content-wrapper{border-bottom-style:solid}.elementor-tabs .elementor-tab-content{padding:10px}}@media (min-width:768px){.elementor-widget-tabs.elementor-tabs-view-vertical .elementor-tabs{display:flex}.elementor-widget-tabs.elementor-tabs-view-vertical .elementor-tabs-wrapper{flex-direction:column}.elementor-widget-tabs.elementor-tabs-view-vertical .elementor-tabs-content-wrapper{flex-grow:1;border-style:solid solid solid none}.elementor-widget-tabs.elementor-tabs-view-horizontal .elementor-tab-content{border-style:none solid solid}.elementor-widget-tabs.elementor-tabs-alignment-center .elementor-tabs-wrapper,.elementor-widget-tabs.elementor-tabs-alignment-end .elementor-tabs-wrapper,.elementor-widget-tabs.elementor-tabs-alignment-stretch .elementor-tabs-wrapper{display:flex}.elementor-widget-tabs.elementor-tabs-alignment-center .elementor-tabs-wrapper{justify-content:center}.elementor-widget-tabs.elementor-tabs-alignment-end .elementor-tabs-wrapper{justify-content:flex-end}.elementor-widget-tabs.elementor-tabs-alignment-stretch.elementor-tabs-view-horizontal .elementor-tab-title{width:100%}.elementor-widget-tabs.elementor-tabs-alignment-stretch.elementor-tabs-view-vertical .elementor-tab-title{height:100%}.elementor-tabs .elementor-tab-mobile-title{display:none}}<\/style>\t\t<div class=\"elementor-tabs\">\n\t\t\t<div class=\"elementor-tabs-wrapper\" role=\"tablist\" >\n\t\t\t\t\t\t\t\t\t<div id=\"elementor-tab-title-4271\" class=\"elementor-tab-title elementor-tab-desktop-title\" aria-selected=\"true\" data-tab=\"1\" role=\"tab\" tabindex=\"0\" aria-controls=\"elementor-tab-content-4271\" aria-expanded=\"false\">Conselho<\/div>\n\t\t\t\t\t\t\t\t\t<div id=\"elementor-tab-title-4272\" class=\"elementor-tab-title elementor-tab-desktop-title\" aria-selected=\"false\" data-tab=\"2\" role=\"tab\" tabindex=\"-1\" aria-controls=\"elementor-tab-content-4272\" aria-expanded=\"false\">Atribui\u00e7\u00f5es<\/div>\n\t\t\t\t\t\t\t<\/div>\n\t\t\t<div class=\"elementor-tabs-content-wrapper\" role=\"tablist\" aria-orientation=\"vertical\">\n\t\t\t\t\t\t\t\t\t<div class=\"elementor-tab-title elementor-tab-mobile-title\" aria-selected=\"true\" data-tab=\"1\" role=\"tab\" tabindex=\"0\" aria-controls=\"elementor-tab-content-4271\" aria-expanded=\"false\">Conselho<\/div>\n\t\t\t\t\t<div id=\"elementor-tab-content-4271\" class=\"elementor-tab-content elementor-clearfix\" data-tab=\"1\" role=\"tabpanel\" aria-labelledby=\"elementor-tab-title-4271\" tabindex=\"0\" hidden=\"false\"><div class=\"row \"><div class=\"col-lg-4 col-md-6\"><p><!-- Single Feature --><\/p><div class=\"single-feature text-center mt--30\"><p><!--<\/p>\n<div class=\"single-feature-foto border-b-one\">\n                                       <span><img decoding=\"async\" class=\"mt--0\" src=\"assets\/images\/icon\/pastor1.png\" alt=\"\"><\/span>\n                                    <\/div>\n<p>--><\/p><div class=\"single-feature-contents mt--20 \"><h5>Pr. Wilkerson Bezaleel Soares<\/h5><p>Presidente<\/p><\/div><\/div><p><!--\/\/ Single Feature --><\/p><\/div><div class=\"col-lg-4 col-md-6\"><p><!-- Single Feature --><\/p><div class=\"single-feature text-center mt--30\"><p><!--<\/p>\n<div class=\"single-feature-foto border-b-one\">\n                                       <span><img decoding=\"async\" class=\"mt--0\" src=\"assets\/images\/icon\/pastor1.png\" alt=\"\"><\/span>\n                                    <\/div>\n<p>--><\/p><div class=\"single-feature-contents mt--20 \"><h5>\u00a0<\/h5><h5>Pr. Carlito Machado Fiel<\/h5><p>Relator<\/p><\/div><\/div><p><!--\/\/ Single Feature --><\/p><\/div><div class=\"col-lg-4 col-md-6\"><p><!-- Single Feature --><\/p><div class=\"single-feature text-center mt--30\"><p><!--<\/p>\n<div class=\"single-feature-foto border-b-one\">\n                                       <span><img decoding=\"async\" class=\"mt--0\" src=\"assets\/images\/icon\/pastor1.png\" alt=\"\"><\/span>\n                                    <\/div>\n<p>--><\/p><div class=\"single-feature-contents mt--20 \"><h5>\u00a0<\/h5><h5>Pr. Alexandro Andrade Bahia<\/h5><p>Secret\u00e1rio<\/p><\/div><\/div><p><!--\/\/ Single Feature --><\/p><\/div><div class=\"col-lg-4 col-md-6\"><p><!-- Single Feature --><\/p><div class=\"single-feature text-center mt--30\"><p><!--<\/p>\n<div class=\"single-feature-foto border-b-one\">\n                                       <span><img decoding=\"async\" class=\"mt--0\" src=\"assets\/images\/icon\/pastor1.png\" alt=\"\"><\/span>\n                                    <\/div>\n<p>--><\/p><div class=\"single-feature-contents mt--20 \"><h5>\u00a0<\/h5><h5>Pr. Janderson Nascimento da Silva Alves<\/h5><p>Membro<\/p><\/div><\/div><p><!--\/\/ Single Feature --><\/p><\/div><div class=\"col-lg-4 col-md-6\"><p><!-- Single Feature --><\/p><div class=\"single-feature text-center mt--30\"><p><!--<\/p>\n<div class=\"single-feature-foto border-b-one\">\n                                       <span><img decoding=\"async\" class=\"mt--0\" src=\"assets\/images\/icon\/pastor1.png\" alt=\"\"><\/span>\n                                    <\/div>\n<p>--><\/p><div class=\"single-feature-contents mt--20 \"><h5>\u00a0<\/h5><h5>Pr. Israel de Oliveira Pereira<\/h5><p>Membro<\/p><\/div><\/div><p><!--\/\/ Single Feature --><\/p><\/div><div class=\"col-lg-4 col-md-6\"><p><!-- Single Feature --><\/p><div class=\"single-feature text-center mt--30\"><p><!--<\/p>\n<div class=\"single-feature-foto border-b-one\">\n                                       <span><img decoding=\"async\" class=\"mt--0\" src=\"assets\/images\/icon\/pastor1.png\" alt=\"\"><\/span>\n                                    <\/div>\n<p>--><\/p><div class=\"single-feature-contents mt--20 \"><h5>\u00a0<\/h5><h5>Pr. Carlos Pereira Tavares<\/h5><p>Membro<\/p><\/div><\/div><p><!--\/\/ Single Feature --><\/p><\/div><div class=\"col-lg-4 col-md-6\"><p><!-- Single Feature --><\/p><div class=\"single-feature text-center mt--30\"><p><!--<\/p>\n<div class=\"single-feature-foto border-b-one\">\n                                       <span><img decoding=\"async\" class=\"mt--0\" src=\"assets\/images\/icon\/pastor1.png\" alt=\"\"><\/span>\n                                    <\/div>\n<p>--><\/p><div class=\"single-feature-contents mt--20 \"><h5>\u00a0<\/h5><h5>Pr. Pedro Nunes da Concei\u00e7\u00e3o<\/h5><p>Membro<\/p><\/div><\/div><p><!--\/\/ Single Feature --><\/p><\/div><div class=\"col-lg-4 col-md-6\"><p><!-- Single Feature --><\/p><div class=\"single-feature text-center mt--30\"><p><!--<\/p>\n<div class=\"single-feature-foto border-b-one\">\n                                       <span><img decoding=\"async\" class=\"mt--0\" src=\"assets\/images\/icon\/pastor1.png\" alt=\"\"><\/span>\n                                    <\/div>\n<p>--><\/p><div class=\"single-feature-contents mt--20 \"><h5>\u00a0<\/h5><h5>Pr. Mois\u00e9s Souza de Jesus<\/h5><p>Membro<\/p><\/div><\/div><p><!--\/\/ Single Feature --><\/p><\/div><div class=\"col-lg-4 col-md-6\"><p><!-- Single Feature --><\/p><div class=\"single-feature text-center mt--30\"><p><!--<\/p>\n<div class=\"single-feature-foto border-b-one\">\n                                       <span><img decoding=\"async\" class=\"mt--0\" src=\"assets\/images\/icon\/pastor1.png\" alt=\"\"><\/span>\n                                    <\/div>\n<p>--><\/p><div class=\"single-feature-contents mt--20 \"><h5>\u00a0<\/h5><h5>Pr. Cl\u00e1udio Marcio de Souza Bastos<\/h5><p>Membro<\/p><\/div><\/div><p><!--\/\/ Single Feature --><\/p><\/div><div class=\"col-lg-4 col-md-6\"><p><!-- Single Feature --><\/p><div class=\"single-feature text-center mt--30\"><p><!--<\/p>\n<div class=\"single-feature-foto border-b-one\">\n                                       <span><img decoding=\"async\" class=\"mt--0\" src=\"assets\/images\/icon\/pastor1.png\" alt=\"\"><\/span>\n                                    <\/div>\n<p>--><\/p><div class=\"single-feature-contents mt--20 \"><h5>\u00a0<\/h5><h5>Pr. Gide\u00e3o Pereira Borges<\/h5><p>Membro<\/p><p>\u00a0<\/p><\/div><\/div><p><!--\/\/ Single Feature --><\/p><\/div><\/div><\/div>\n\t\t\t\t\t\t\t\t\t<div class=\"elementor-tab-title elementor-tab-mobile-title\" aria-selected=\"false\" data-tab=\"2\" role=\"tab\" tabindex=\"-1\" aria-controls=\"elementor-tab-content-4272\" aria-expanded=\"false\">Atribui\u00e7\u00f5es<\/div>\n\t\t\t\t\t<div id=\"elementor-tab-content-4272\" class=\"elementor-tab-content elementor-clearfix\" data-tab=\"2\" role=\"tabpanel\" aria-labelledby=\"elementor-tab-title-4272\" tabindex=\"0\" hidden=\"hidden\"><h5>Atribui\u00e7\u00f5es e Compet\u00eancia<\/h5><p>I \u00a0Eleger entre seus membros o presidente o secret\u00e1rio e o relator;<\/p><p>II Promover, incentivar e coordenar em todo estado e outros a implanta\u00e7\u00e3o e treinamento do discipulado din\u00e2mico em todo os n\u00edveis.<\/p><p>III Realizar simp\u00f3sios, palestras, semin\u00e1rios, cursos e similares:<\/p><p>IV Mapear e divulgar as necessidades dos campos, incentivando e auxiliando as igrejas filiadas ao investimento no discipulado;<\/p><p>V Assistir as igrejas filiadas quanto ao discipulado din\u00e2mico;<\/p><p>VI Incentivar e orientar a cria\u00e7\u00e3o de Conselhos de Discipulado nas igrejas filiadas, bem como a elabora\u00e7\u00e3o de estrat\u00e9gias relacionadas ao tema;<\/p><p>VII Apoiar e divulgar as a\u00e7\u00f5es de discipulado din\u00e2mico, conforme as orienta\u00e7\u00f5es da Comiss\u00e3o de Estrat\u00e9gias e Discipulado da CGADB.<\/p><p>VIII Prestar na AGO relat\u00f3rio de suas atividades.<\/p><\/div>\n\t\t\t\t\t\t\t<\/div>\n\t\t<\/div>\n\t\t\t\t<\/div>\n\t\t\t\t<\/div>\n\t\t\t\t\t<\/div>\n\t\t<\/div>\n\t\t\t\t\t\t\t<\/div>\n\t\t<\/section>\n\t\t\t\t\t\t\t<\/div>\n\t\t","protected":false},"excerpt":{"rendered":"<p>Conselho Estadual de Discipulado Din\u00e2mico Conselho Atribui\u00e7\u00f5es Conselho Pr. Wilkerson Bezaleel Soares Presidente \u00a0 Pr. Carlito Machado Fiel Relator \u00a0 Pr. Alexandro Andrade Bahia Secret\u00e1rio \u00a0 Pr. Janderson Nascimento da Silva Alves Membro \u00a0 Pr. Israel de Oliveira Pereira Membro \u00a0 Pr. Carlos Pereira Tavares Membro \u00a0 Pr. Pedro Nunes da Concei\u00e7\u00e3o Membro \u00a0 Pr. [&hellip;]<\/p>\n","protected":false},"author":1,"featured_media":0,"parent":0,"menu_order":0,"comment_status":"closed","ping_status":"closed","template":"","meta":{"footnotes":""},"class_list":["post-590","page","type-page","status-publish","hentry"],"_links":{"self":[{"href":"https:\/\/ceadeb.org.br\/ceadeb\/wp-json\/wp\/v2\/pages\/590","targetHints":{"allow":["GET"]}}],"collection":[{"href":"https:\/\/ceadeb.org.br\/ceadeb\/wp-json\/wp\/v2\/pages"}],"about":[{"href":"https:\/\/ceadeb.org.br\/ceadeb\/wp-json\/wp\/v2\/types\/page"}],"author":[{"embeddable":true,"href":"https:\/\/ceadeb.org.br\/ceadeb\/wp-json\/wp\/v2\/users\/1"}],"replies":[{"embeddable":true,"href":"https:\/\/ceadeb.org.br\/ceadeb\/wp-json\/wp\/v2\/comments?post=590"}],"version-history":[{"count":22,"href":"https:\/\/ceadeb.org.br\/ceadeb\/wp-json\/wp\/v2\/pages\/590\/revisions"}],"predecessor-version":[{"id":2584,"href":"https:\/\/ceadeb.org.br\/ceadeb\/wp-json\/wp\/v2\/pages\/590\/revisions\/2584"}],"wp:attachment":[{"href":"https:\/\/ceadeb.org.br\/ceadeb\/wp-json\/wp\/v2\/media?parent=590"}],"curies":[{"name":"wp","href":"https:\/\/api.w.org\/{rel}","templated":true}]}}